{"id":2824,"date":"2022-12-17T14:58:48","date_gmt":"2022-12-17T12:58:48","guid":{"rendered":"http:\/\/motori.mas.bg.ac.rs\/?page_id=2824"},"modified":"2023-03-28T00:51:34","modified_gmt":"2023-03-27T22:51:34","slug":"lab-mehatronika-motora","status":"publish","type":"page","link":"https:\/\/motori.mas.bg.ac.rs\/index.php\/lab-mehatronika-motora\/","title":{"rendered":"Lab mehatronika motora"},"content":{"rendered":"\t\t<div data-elementor-type=\"wp-page\" data-elementor-id=\"2824\" class=\"elementor elementor-2824\">\n\t\t\t\t\t\t\t\t\t<section class=\"elementor-section elementor-top-section elementor-element elementor-element-29ee551 elementor-section-boxed elementor-section-height-default elementor-section-height-default\" data-id=\"29ee551\" data-element_type=\"section\">\n\t\t\t\t\t\t<div class=\"elementor-container elementor-column-gap-default\">\n\t\t\t\t\t<div class=\"elementor-column elementor-col-100 elementor-top-column elementor-element elementor-element-56a27e7\" data-id=\"56a27e7\" data-element_type=\"column\">\n\t\t\t<div class=\"elementor-widget-wrap\">\n\t\t\t\t\t\t\t\t\t<\/div>\n\t\t<\/div>\n\t\t\t\t\t\t\t<\/div>\n\t\t<\/section>\n\t\t\t\t<section class=\"elementor-section elementor-top-section elementor-element elementor-element-60fe6ba elementor-section-boxed elementor-section-height-default elementor-section-height-default\" data-id=\"60fe6ba\" data-element_type=\"section\">\n\t\t\t\t\t\t<div class=\"elementor-container elementor-column-gap-default\">\n\t\t\t\t\t<div class=\"elementor-column elementor-col-100 elementor-top-column elementor-element elementor-element-f0e2fc0\" data-id=\"f0e2fc0\" data-element_type=\"column\">\n\t\t\t<div class=\"elementor-widget-wrap elementor-element-populated\">\n\t\t\t\t\t\t\t\t<div class=\"elementor-element elementor-element-ddbcae9 elementor-widget elementor-widget-spacer\" data-id=\"ddbcae9\" data-element_type=\"widget\" data-widget_type=\"spacer.default\">\n\t\t\t\t<div class=\"elementor-widget-container\">\n\t\t\t<style>\/*! elementor - v3.10.2 - 29-01-2023 *\/\n.elementor-column .elementor-spacer-inner{height:var(--spacer-size)}.e-con{--container-widget-width:100%}.e-con-inner>.elementor-widget-spacer,.e-con>.elementor-widget-spacer{width:var(--container-widget-width,var(--spacer-size));--align-self:var(--container-widget-align-self,initial);--flex-shrink:0}.e-con-inner>.elementor-widget-spacer>.elementor-widget-container,.e-con-inner>.elementor-widget-spacer>.elementor-widget-container>.elementor-spacer,.e-con>.elementor-widget-spacer>.elementor-widget-container,.e-con>.elementor-widget-spacer>.elementor-widget-container>.elementor-spacer{height:100%}.e-con-inner>.elementor-widget-spacer>.elementor-widget-container>.elementor-spacer>.elementor-spacer-inner,.e-con>.elementor-widget-spacer>.elementor-widget-container>.elementor-spacer>.elementor-spacer-inner{height:var(--container-widget-height,var(--spacer-size))}<\/style>\t\t<div class=\"elementor-spacer\">\n\t\t\t<div class=\"elementor-spacer-inner\"><\/div>\n\t\t<\/div>\n\t\t\t\t<\/div>\n\t\t\t\t<\/div>\n\t\t\t\t\t<\/div>\n\t\t<\/div>\n\t\t\t\t\t\t\t<\/div>\n\t\t<\/section>\n\t\t\t\t<section class=\"elementor-section elementor-top-section elementor-element elementor-element-10bd817 elementor-section-boxed elementor-section-height-default elementor-section-height-default\" data-id=\"10bd817\" data-element_type=\"section\">\n\t\t\t\t\t\t<div class=\"elementor-container elementor-column-gap-default\">\n\t\t\t\t\t<div class=\"elementor-column elementor-col-100 elementor-top-column elementor-element elementor-element-daac197\" data-id=\"daac197\" data-element_type=\"column\">\n\t\t\t<div class=\"elementor-widget-wrap elementor-element-populated\">\n\t\t\t\t\t\t\t\t<div class=\"elementor-element elementor-element-7671a37 elementor-widget elementor-widget-heading\" data-id=\"7671a37\" data-element_type=\"widget\" data-widget_type=\"heading.default\">\n\t\t\t\t<div class=\"elementor-widget-container\">\n\t\t\t<style>\/*! elementor - v3.10.2 - 29-01-2023 *\/\n.elementor-heading-title{padding:0;margin:0;line-height:1}.elementor-widget-heading .elementor-heading-title[class*=elementor-size-]>a{color:inherit;font-size:inherit;line-height:inherit}.elementor-widget-heading .elementor-heading-title.elementor-size-small{font-size:15px}.elementor-widget-heading .elementor-heading-title.elementor-size-medium{font-size:19px}.elementor-widget-heading .elementor-heading-title.elementor-size-large{font-size:29px}.elementor-widget-heading .elementor-heading-title.elementor-size-xl{font-size:39px}.elementor-widget-heading .elementor-heading-title.elementor-size-xxl{font-size:59px}<\/style><h2 class=\"elementor-heading-title elementor-size-default\">Laboratorija za razvoj i ispitivanja mehatronskih sistema na motorima<\/h2>\t\t<\/div>\n\t\t\t\t<\/div>\n\t\t\t\t\t<\/div>\n\t\t<\/div>\n\t\t\t\t\t\t\t<\/div>\n\t\t<\/section>\n\t\t\t\t<section class=\"elementor-section elementor-top-section elementor-element elementor-element-6392022 elementor-section-height-min-height elementor-section-boxed elementor-section-height-default elementor-section-items-middle\" data-id=\"6392022\" data-element_type=\"section\">\n\t\t\t\t\t\t<div class=\"elementor-container elementor-column-gap-default\">\n\t\t\t\t\t<div class=\"elementor-column elementor-col-50 elementor-top-column elementor-element elementor-element-b7554ba\" data-id=\"b7554ba\" data-element_type=\"column\" data-settings=\"{&quot;background_background&quot;:&quot;classic&quot;}\">\n\t\t\t<div class=\"elementor-widget-wrap elementor-element-populated\">\n\t\t\t\t\t<div class=\"elementor-background-overlay\"><\/div>\n\t\t\t\t\t\t\t\t<div class=\"elementor-element elementor-element-215619e elementor-widget elementor-widget-heading\" data-id=\"215619e\" data-element_type=\"widget\" data-widget_type=\"heading.default\">\n\t\t\t\t<div class=\"elementor-widget-container\">\n\t\t\t<h3 class=\"elementor-heading-title elementor-size-default\">Oblast istra\u017eivanja<\/h3>\t\t<\/div>\n\t\t\t\t<\/div>\n\t\t\t\t<div class=\"elementor-element elementor-element-fb12f1f elementor-widget elementor-widget-text-editor\" data-id=\"fb12f1f\" data-element_type=\"widget\" data-widget_type=\"text-editor.default\">\n\t\t\t\t<div class=\"elementor-widget-container\">\n\t\t\t<style>\/*! elementor - v3.10.2 - 29-01-2023 *\/\n.elementor-widget-text-editor.elementor-drop-cap-view-stacked .elementor-drop-cap{background-color:#818a91;color:#fff}.elementor-widget-text-editor.elementor-drop-cap-view-framed .elementor-drop-cap{color:#818a91;border:3px solid;background-color:transparent}.elementor-widget-text-editor:not(.elementor-drop-cap-view-default) .elementor-drop-cap{margin-top:8px}.elementor-widget-text-editor:not(.elementor-drop-cap-view-default) .elementor-drop-cap-letter{width:1em;height:1em}.elementor-widget-text-editor .elementor-drop-cap{float:left;text-align:center;line-height:1;font-size:50px}.elementor-widget-text-editor .elementor-drop-cap-letter{display:inline-block}<\/style>\t\t\t\t<p>Mehatronski sistemi kreirani celovitim pristupom i sinergijom specifi\u010dnih znanja iz oblasti ma\u0161instva i elektronike jesu sistemi koji dominiraju u izvo\u0111enju savremenih motora sa unutra\u0161njim sagorevanjem. Skoro svaka upravlja\u010dka funkcija na motoru je danas realizovana primenom mehatronskog koncepta i otud se ovim sistemima u motoristici pridaje ogroman zna\u010daj i pa\u017enja. Upravljanje sistemom za obrazovanje sme\u0161e, sistemom za natpunjenje i razvod radne materije motora, sistemima odgovornim za smanjenje emisije \u0161tetnih produkata sagorevanja (TWC, EGR, DPF, SCR,\u2026), ali i sistemima za hla\u0111enje i podmazivanje, realizuje se kroz primenu mehatronskog koncepta.<\/p>\t\t\t\t\t\t<\/div>\n\t\t\t\t<\/div>\n\t\t\t\t\t<\/div>\n\t\t<\/div>\n\t\t\t\t<div class=\"elementor-column elementor-col-50 elementor-top-column elementor-element elementor-element-e054d48\" data-id=\"e054d48\" data-element_type=\"column\" data-settings=\"{&quot;background_background&quot;:&quot;classic&quot;}\">\n\t\t\t<div class=\"elementor-widget-wrap elementor-element-populated\">\n\t\t\t\t\t<div class=\"elementor-background-overlay\"><\/div>\n\t\t\t\t\t\t\t\t<div class=\"elementor-element elementor-element-7a6c271 elementor-widget elementor-widget-spacer\" data-id=\"7a6c271\" data-element_type=\"widget\" data-widget_type=\"spacer.default\">\n\t\t\t\t<div class=\"elementor-widget-container\">\n\t\t\t\t\t<div class=\"elementor-spacer\">\n\t\t\t<div class=\"elementor-spacer-inner\"><\/div>\n\t\t<\/div>\n\t\t\t\t<\/div>\n\t\t\t\t<\/div>\n\t\t\t\t\t<\/div>\n\t\t<\/div>\n\t\t\t\t\t\t\t<\/div>\n\t\t<\/section>\n\t\t\t\t<section class=\"elementor-section elementor-top-section elementor-element elementor-element-14ed84b elementor-section-boxed elementor-section-height-default elementor-section-height-default\" data-id=\"14ed84b\" data-element_type=\"section\">\n\t\t\t\t\t\t<div class=\"elementor-container elementor-column-gap-default\">\n\t\t\t\t\t<div class=\"elementor-column elementor-col-100 elementor-top-column elementor-element elementor-element-2545760\" data-id=\"2545760\" data-element_type=\"column\">\n\t\t\t<div class=\"elementor-widget-wrap elementor-element-populated\">\n\t\t\t\t\t\t\t\t<div class=\"elementor-element elementor-element-4dafc69 elementor-widget elementor-widget-text-editor\" data-id=\"4dafc69\" data-element_type=\"widget\" data-widget_type=\"text-editor.default\">\n\t\t\t\t<div class=\"elementor-widget-container\">\n\t\t\t\t\t\t\t<p><span style=\"font-style: inherit; font-weight: inherit; background-color: var(--ast-global-color-4); color: var(--ast-global-color-3);\">Delatnosti laboratorije su usmerene na istra\u017eivanja, razvoj i prakti\u010dnu primenu mehatronskih koncepata na motorima SUS kroz istra\u017eivanje, razvoj i prakti\u010dnu realizaciju:<\/span><\/p><ul><li>Komponenti mehatronskih sistema na motoru;<\/li><li>kompletnih mehatronskih sistema;<\/li><li>inovativnih upravlja\u010dkih algoritama specifi\u010dnih za procese na motorima SUS.<\/li><\/ul><p>Saznanja i prototipske instalacije koje su rezultat istra\u017eiva\u010dkih aktivnosti ove laboratorije odli\u010dna su osnova za osavremenjavanje i unapre\u0111enje postoje\u0107ih ali i razvoj novih mehatronskih re\u0161enja klju\u010dnih za prevazila\u017eenje problema i izazova sa kojima se suo\u010davaju savremeni motori SUS.<\/p>\t\t\t\t\t\t<\/div>\n\t\t\t\t<\/div>\n\t\t\t\t\t<\/div>\n\t\t<\/div>\n\t\t\t\t\t\t\t<\/div>\n\t\t<\/section>\n\t\t\t\t<section class=\"elementor-section elementor-top-section elementor-element elementor-element-5570b5d elementor-section-boxed elementor-section-height-default elementor-section-height-default\" data-id=\"5570b5d\" data-element_type=\"section\">\n\t\t\t\t\t\t<div class=\"elementor-container elementor-column-gap-default\">\n\t\t\t\t\t<div class=\"elementor-column elementor-col-100 elementor-top-column elementor-element elementor-element-2fbccf1\" data-id=\"2fbccf1\" data-element_type=\"column\">\n\t\t\t<div class=\"elementor-widget-wrap elementor-element-populated\">\n\t\t\t\t\t\t\t\t<div class=\"elementor-element elementor-element-829671f elementor-widget elementor-widget-heading\" data-id=\"829671f\" data-element_type=\"widget\" data-widget_type=\"heading.default\">\n\t\t\t\t<div class=\"elementor-widget-container\">\n\t\t\t<h3 class=\"elementor-heading-title elementor-size-default\">Oprema i tehni\u010dke mogu\u0107nosti<\/h3>\t\t<\/div>\n\t\t\t\t<\/div>\n\t\t\t\t<div class=\"elementor-element elementor-element-0658dd5 elementor-widget elementor-widget-text-editor\" data-id=\"0658dd5\" data-element_type=\"widget\" data-widget_type=\"text-editor.default\">\n\t\t\t\t<div class=\"elementor-widget-container\">\n\t\t\t\t\t\t\t<p>Razvoju embedded softvera, kao klju\u010dnoj komponenti mehatronskih sistema u oblasti motora ali i \u0161ire (automobilski sektor, sektor te\u0161kog drumskog i \u017eelezni\u010dkog transporta, gra\u0111evinskih i poljoprivrednih ma\u0161ina\u2026), pridaje se poseban zna\u010daj. Saradnja na podru\u010dju obrazovanja ostvarena sa kompanijom ETAS omogu\u0107ila je kori\u0161\u0107enje vrhunskih softverskih alata u ovoj oblasti kao \u0161to su INCA, ASCET MD i ASCET SE.<\/p><p>U radu laboratorije je sveprisutna i upotreba softverskih i hardverskih re\u0161enja kompanije NI, me\u0111u kojima se isti\u010de kompletno opremljena PXI hardverska platforma sa licenciranim kompletnim portfoliom LabView softvera. Laboratorija raspola\u017ee i sa nekoliko razli\u010ditih mikrokontrolerskih razvojnih platformi, mahom zasnovanih na Freescale\/NXP re\u0161enjima poput MC68332 i MPC565, podr\u017eanih licenciranim CodeWarrior razvojnim okru\u017eenjem.<\/p><p>Softverski i hardverski alati, na raspolaganju u laboratoriji, omogu\u0107avaju vr\u0161enje sofisticiranih eksperimenata i ispitivanja komponenti mehatronskih sistema u svim fazama razvoja uz primenu SIL, PIL i HIL koncepata.<\/p>\t\t\t\t\t\t<\/div>\n\t\t\t\t<\/div>\n\t\t\t\t\t<\/div>\n\t\t<\/div>\n\t\t\t\t\t\t\t<\/div>\n\t\t<\/section>\n\t\t\t\t<section class=\"elementor-section elementor-top-section elementor-element elementor-element-21737c9 elementor-section-boxed elementor-section-height-default elementor-section-height-default\" data-id=\"21737c9\" data-element_type=\"section\">\n\t\t\t\t\t\t<div class=\"elementor-container elementor-column-gap-default\">\n\t\t\t\t\t<div class=\"elementor-column elementor-col-100 elementor-top-column elementor-element elementor-element-d236dc9\" data-id=\"d236dc9\" data-element_type=\"column\">\n\t\t\t<div class=\"elementor-widget-wrap elementor-element-populated\">\n\t\t\t\t\t\t\t\t<div class=\"elementor-element elementor-element-b2d0908 elementor-widget elementor-widget-image\" data-id=\"b2d0908\" data-element_type=\"widget\" data-widget_type=\"image.default\">\n\t\t\t\t<div class=\"elementor-widget-container\">\n\t\t\t<style>\/*! elementor - v3.10.2 - 29-01-2023 *\/\n.elementor-widget-image{text-align:center}.elementor-widget-image a{display:inline-block}.elementor-widget-image a img[src$=\".svg\"]{width:48px}.elementor-widget-image img{vertical-align:middle;display:inline-block}<\/style>\t\t\t\t\t\t\t\t\t\t\t\t<img width=\"768\" height=\"532\" src=\"https:\/\/motori.mas.bg.ac.rs\/wp-content\/uploads\/2022\/12\/ECU-PM-768x532.jpg\" class=\"attachment-medium_large size-medium_large wp-image-3129\" alt=\"\" loading=\"lazy\" srcset=\"https:\/\/motori.mas.bg.ac.rs\/wp-content\/uploads\/2022\/12\/ECU-PM-768x532.jpg 768w, https:\/\/motori.mas.bg.ac.rs\/wp-content\/uploads\/2022\/12\/ECU-PM-300x208.jpg 300w, https:\/\/motori.mas.bg.ac.rs\/wp-content\/uploads\/2022\/12\/ECU-PM.jpg 982w\" sizes=\"(max-width: 768px) 100vw, 768px\" \/>\t\t\t\t\t\t\t\t\t\t\t\t\t\t\t<\/div>\n\t\t\t\t<\/div>\n\t\t\t\t<div class=\"elementor-element elementor-element-8c55add elementor-widget elementor-widget-text-editor\" data-id=\"8c55add\" data-element_type=\"widget\" data-widget_type=\"text-editor.default\">\n\t\t\t\t<div class=\"elementor-widget-container\">\n\t\t\t\t\t\t\t<p>Laboratorija za istra\u017eivanje i razvoj modela radnih procesa pogonskih sistema \u2013 Sinergija razvojnih softverskih okru\u017eenja ETAS \u2013 Freescale \u2013 CodeWarrior \u2013Speeduino \u2013 DTA Fast \u2013 MegaSquirt \u2013 TunerStudio.\u00a0<\/p>\t\t\t\t\t\t<\/div>\n\t\t\t\t<\/div>\n\t\t\t\t\t<\/div>\n\t\t<\/div>\n\t\t\t\t\t\t\t<\/div>\n\t\t<\/section>\n\t\t\t\t<section class=\"elementor-section elementor-top-section elementor-element elementor-element-f456cda elementor-section-boxed elementor-section-height-default elementor-section-height-default\" data-id=\"f456cda\" data-element_type=\"section\">\n\t\t\t\t\t\t<div class=\"elementor-container elementor-column-gap-default\">\n\t\t\t\t\t<div class=\"elementor-column elementor-col-100 elementor-top-column elementor-element elementor-element-7a16a23\" data-id=\"7a16a23\" data-element_type=\"column\">\n\t\t\t<div class=\"elementor-widget-wrap elementor-element-populated\">\n\t\t\t\t\t\t\t\t<div class=\"elementor-element elementor-element-abb2a64 elementor-widget elementor-widget-heading\" data-id=\"abb2a64\" data-element_type=\"widget\" data-widget_type=\"heading.default\">\n\t\t\t\t<div class=\"elementor-widget-container\">\n\t\t\t<h3 class=\"elementor-heading-title elementor-size-default\">Laboratorija i studenti<\/h3>\t\t<\/div>\n\t\t\t\t<\/div>\n\t\t\t\t<div class=\"elementor-element elementor-element-5a12bd1 elementor-widget elementor-widget-text-editor\" data-id=\"5a12bd1\" data-element_type=\"widget\" data-widget_type=\"text-editor.default\">\n\t\t\t\t<div class=\"elementor-widget-container\">\n\t\t\t\t\t\t\t<p>Resursi laboratorije koriste se u nastavi na nivou Master i Doktorskih studija. Kroz predmete Mehatronika motora, Modelski zasnovan razvoj automobilskog softvera, Ispitivanje motora, Senzori i merenja pomo\u0107u ra\u010dunara i Oprema motora studenti kroz prakti\u010dno re\u0161avanje problema sti\u010du znanja i ve\u0161tine u kori\u0161\u0107enju najsavremenijih softverskih i hardverskih alata u ovoj oblasti. Instalacije i oprema na raspolaganju su u prostorijama 40, 43 i 46 Katedre za motore.<\/p>\t\t\t\t\t\t<\/div>\n\t\t\t\t<\/div>\n\t\t\t\t\t<\/div>\n\t\t<\/div>\n\t\t\t\t\t\t\t<\/div>\n\t\t<\/section>\n\t\t\t\t\t\t\t<\/div>\n\t\t","protected":false},"excerpt":{"rendered":"<p>Laboratorija za razvoj i ispitivanja mehatronskih sistema na motorima Oblast istra\u017eivanja Mehatronski sistemi kreirani celovitim pristupom i sinergijom specifi\u010dnih znanja iz oblasti ma\u0161instva i elektronike jesu sistemi koji dominiraju u izvo\u0111enju savremenih motora sa unutra\u0161njim sagorevanjem. Skoro svaka upravlja\u010dka funkcija na motoru je danas realizovana primenom mehatronskog koncepta i otud se ovim sistemima u motoristici \u2026<\/p>\n<p class=\"read-more\"> <a class=\"\" href=\"https:\/\/motori.mas.bg.ac.rs\/index.php\/lab-mehatronika-motora\/\"> <span class=\"screen-reader-text\">Lab mehatronika motora<\/span> Pro\u010ditaj vi\u0161e \u00bb<\/a><\/p>\n","protected":false},"author":2,"featured_media":0,"parent":0,"menu_order":0,"comment_status":"closed","ping_status":"closed","template":"","meta":{"site-sidebar-layout":"no-sidebar","site-content-layout":"page-builder","ast-global-header-display":"","ast-main-header-display":"","ast-hfb-above-header-display":"","ast-hfb-below-header-display":"","ast-hfb-mobile-header-display":"","site-post-title":"disabled","ast-breadcrumbs-content":"","ast-featured-img":"disabled","footer-sml-layout":"","theme-transparent-header-meta":"","adv-header-id-meta":"","stick-header-meta":"","header-above-stick-meta":"","header-main-stick-meta":"","header-below-stick-meta":""},"_links":{"self":[{"href":"https:\/\/motori.mas.bg.ac.rs\/index.php\/wp-json\/wp\/v2\/pages\/2824"}],"collection":[{"href":"https:\/\/motori.mas.bg.ac.rs\/index.php\/wp-json\/wp\/v2\/pages"}],"about":[{"href":"https:\/\/motori.mas.bg.ac.rs\/index.php\/wp-json\/wp\/v2\/types\/page"}],"author":[{"embeddable":true,"href":"https:\/\/motori.mas.bg.ac.rs\/index.php\/wp-json\/wp\/v2\/users\/2"}],"replies":[{"embeddable":true,"href":"https:\/\/motori.mas.bg.ac.rs\/index.php\/wp-json\/wp\/v2\/comments?post=2824"}],"version-history":[{"count":20,"href":"https:\/\/motori.mas.bg.ac.rs\/index.php\/wp-json\/wp\/v2\/pages\/2824\/revisions"}],"predecessor-version":[{"id":3658,"href":"https:\/\/motori.mas.bg.ac.rs\/index.php\/wp-json\/wp\/v2\/pages\/2824\/revisions\/3658"}],"wp:attachment":[{"href":"https:\/\/motori.mas.bg.ac.rs\/index.php\/wp-json\/wp\/v2\/media?parent=2824"}],"curies":[{"name":"wp","href":"https:\/\/api.w.org\/{rel}","templated":true}]}}